{"id":9214,"date":"2022-04-04T16:08:19","date_gmt":"2022-04-04T14:08:19","guid":{"rendered":"https:\/\/www.totaldecoralumini.com\/sobre-nosaltres\/"},"modified":"2023-12-19T11:41:18","modified_gmt":"2023-12-19T10:41:18","slug":"sobre-nosaltres","status":"publish","type":"page","link":"https:\/\/www.paezicosta.com\/ca\/sobre-nosaltres\/","title":{"rendered":"Sobre nosaltres"},"content":{"rendered":"\t\t<div data-elementor-type=\"wp-page\" data-elementor-id=\"9214\" class=\"elementor elementor-9214 elementor-415\">\n\t\t\t\t\t\t\t\t\t<section class=\"elementor-section elementor-top-section elementor-element elementor-element-2a261bc0 elementor-section-boxed elementor-section-height-default elementor-section-height-default\" data-id=\"2a261bc0\" data-element_type=\"section\" data-settings=\"{&quot;background_background&quot;:&quot;classic&quot;}\">\n\t\t\t\t\t\t<div class=\"elementor-container elementor-column-gap-default\">\n\t\t\t\t\t<div class=\"elementor-column elementor-col-50 elementor-top-column elementor-element elementor-element-2b438c9f\" data-id=\"2b438c9f\" data-element_type=\"column\">\n\t\t\t<div class=\"elementor-widget-wrap\">\n\t\t\t\t\t\t\t\t\t<\/div>\n\t\t<\/div>\n\t\t\t\t<div class=\"elementor-column elementor-col-50 elementor-top-column elementor-element elementor-element-672c4ffa\" data-id=\"672c4ffa\" data-element_type=\"column\">\n\t\t\t<div class=\"elementor-widget-wrap elementor-element-populated\">\n\t\t\t\t\t\t\t\t<div class=\"elementor-element elementor-element-6f735fb3 elementor-widget elementor-widget-hub_fancy_heading\" data-id=\"6f735fb3\" data-element_type=\"widget\" data-widget_type=\"hub_fancy_heading.default\">\n\t\t\t\t<div class=\"elementor-widget-container\">\n\t\t\t\n\t\t<div id=\"ld-fancy-heading-69dffb5e1a82e\" class=\"ld-fancy-heading pos-rel\">\n\t\t\t<p class=\"ld-fh-element d-inline-block pos-rel  lqd-highlight-classic lqd-highlight-grow-left p\"  > Construccions i Rehabilitacions PAEZ COSTA \u00e9s una empresa de construcci\u00f3 de la comarca del Ripoll\u00e8s (Catalunya) amb 50 anys d'experi\u00e8ncia. La seva llarga traject\u00f2ria t\u00e9 la base en dos pilars: el treball ben fet i de qualitat dels mestres constructors i la constant adaptaci\u00f3 als nous materials i sistemes constructius, que permeten optimitzar recursos i millorar resultats, tant en petites rehabilitacions com en obres de gran envergadura.<\/p>\t\t<\/div>\n\n\t\t\t\t<\/div>\n\t\t\t\t<\/div>\n\t\t\t\t<div class=\"elementor-element elementor-element-73ef8234 elementor-widget elementor-widget-hub_fancy_heading\" data-id=\"73ef8234\" data-element_type=\"widget\" data-widget_type=\"hub_fancy_heading.default\">\n\t\t\t\t<div class=\"elementor-widget-container\">\n\t\t\t\n\t\t<div id=\"ld-fancy-heading-69dffb5e1b18c\" class=\"ld-fancy-heading pos-rel\">\n\t\t\t<p class=\"ld-fh-element d-inline-block pos-rel  lqd-highlight-classic lqd-highlight-grow-left p\"  > La nostra empresa treballa sempre pensant en el client i en les necessitats de la seva obra, oferint solucions reals i consensuades, amb un valor afegit: l'assessorament que nom\u00e9s 50 anys d'experi\u00e8ncia poden oferir.<\/p>\t\t<\/div>\n\n\t\t\t\t<\/div>\n\t\t\t\t<\/div>\n\t\t\t\t\t<\/div>\n\t\t<\/div>\n\t\t\t\t\t\t\t<\/div>\n\t\t<\/section>\n\t\t\t\t\t\t\t<\/div>\n\t\t","protected":false},"excerpt":{"rendered":"<p>Construccions i Rehabilitacions PAEZ COSTA \u00e9s una empresa de construcci\u00f3 de la comarca del Ripoll\u00e8s (Catalunya) amb 50 anys d&#8217;experi\u00e8ncia. La seva llarga traject\u00f2ria t\u00e9 la base en dos pilars: el treball ben fet i de qualitat dels mestres constructors i la constant adaptaci\u00f3 als nous materials i sistemes constructius, que permeten optimitzar recursos i [&hellip;]<\/p>\n","protected":false},"author":1,"featured_media":0,"parent":0,"menu_order":0,"comment_status":"closed","ping_status":"closed","template":"","meta":{"footnotes":""},"class_list":["post-9214","page","type-page","status-publish","hentry"],"yoast_head":"<!-- This site is optimized with the Yoast SEO plugin v20.2 - https:\/\/yoast.com\/wordpress\/plugins\/seo\/ -->\n<title>Som experts en construcci\u00f3 i reformes - Paez i Costa<\/title>\n<meta name=\"description\" content=\"Coneix a Paez i Costa, liderant projectes de construcci\u00f3, rehabilitacions i reformes a Ripoll\u00e8s i Catalunya.\" \/>\n<meta name=\"robots\" content=\"index, follow, max-snippet:-1, max-image-preview:large, max-video-preview:-1\" \/>\n<link rel=\"canonical\" href=\"https:\/\/www.paezicosta.com\/ca\/sobre-nosaltres\/\" \/>\n<meta property=\"og:locale\" content=\"ca_ES\" \/>\n<meta property=\"og:type\" content=\"article\" \/>\n<meta property=\"og:title\" content=\"Som experts en construcci\u00f3 i reformes - Paez i Costa\" \/>\n<meta property=\"og:description\" content=\"Coneix a Paez i Costa, liderant projectes de construcci\u00f3, rehabilitacions i reformes a Ripoll\u00e8s i Catalunya.\" \/>\n<meta property=\"og:url\" content=\"https:\/\/www.paezicosta.com\/ca\/sobre-nosaltres\/\" \/>\n<meta property=\"og:site_name\" content=\"Paez i Costa\" \/>\n<meta property=\"article:modified_time\" content=\"2023-12-19T10:41:18+00:00\" \/>\n<meta name=\"twitter:card\" content=\"summary_large_image\" \/>\n<meta name=\"twitter:label1\" content=\"Temps estimat de lectura\" \/>\n\t<meta name=\"twitter:data1\" content=\"1 minut\" \/>\n<script type=\"application\/ld+json\" class=\"yoast-schema-graph\">{\"@context\":\"https:\/\/schema.org\",\"@graph\":[{\"@type\":\"WebPage\",\"@id\":\"https:\/\/www.paezicosta.com\/ca\/sobre-nosaltres\/\",\"url\":\"https:\/\/www.paezicosta.com\/ca\/sobre-nosaltres\/\",\"name\":\"Som experts en construcci\u00f3 i reformes - Paez i Costa\",\"isPartOf\":{\"@id\":\"https:\/\/www.paezicosta.com\/ca\/#website\"},\"datePublished\":\"2022-04-04T14:08:19+00:00\",\"dateModified\":\"2023-12-19T10:41:18+00:00\",\"description\":\"Coneix a Paez i Costa, liderant projectes de construcci\u00f3, rehabilitacions i reformes a Ripoll\u00e8s i Catalunya.\",\"breadcrumb\":{\"@id\":\"https:\/\/www.paezicosta.com\/ca\/sobre-nosaltres\/#breadcrumb\"},\"inLanguage\":\"ca\",\"potentialAction\":[{\"@type\":\"ReadAction\",\"target\":[\"https:\/\/www.paezicosta.com\/ca\/sobre-nosaltres\/\"]}]},{\"@type\":\"BreadcrumbList\",\"@id\":\"https:\/\/www.paezicosta.com\/ca\/sobre-nosaltres\/#breadcrumb\",\"itemListElement\":[{\"@type\":\"ListItem\",\"position\":1,\"name\":\"Home\",\"item\":\"https:\/\/www.paezicosta.com\/ca\/construccions-i-rehabilitacions-paez-i-costa-2\/\"},{\"@type\":\"ListItem\",\"position\":2,\"name\":\"Sobre nosaltres\"}]},{\"@type\":\"WebSite\",\"@id\":\"https:\/\/www.paezicosta.com\/ca\/#website\",\"url\":\"https:\/\/www.paezicosta.com\/ca\/\",\"name\":\"Paez i Costa\",\"description\":\"Construcci\u00f3n y reformas\",\"publisher\":{\"@id\":\"https:\/\/www.paezicosta.com\/ca\/#organization\"},\"potentialAction\":[{\"@type\":\"SearchAction\",\"target\":{\"@type\":\"EntryPoint\",\"urlTemplate\":\"https:\/\/www.paezicosta.com\/ca\/?s={search_term_string}\"},\"query-input\":\"required name=search_term_string\"}],\"inLanguage\":\"ca\"},{\"@type\":\"Organization\",\"@id\":\"https:\/\/www.paezicosta.com\/ca\/#organization\",\"name\":\"Paez i Costa\",\"url\":\"https:\/\/www.paezicosta.com\/ca\/\",\"logo\":{\"@type\":\"ImageObject\",\"inLanguage\":\"ca\",\"@id\":\"https:\/\/www.paezicosta.com\/ca\/#\/schema\/logo\/image\/\",\"url\":\"https:\/\/www.paezicosta.com\/wp-content\/uploads\/2022\/02\/paez-logo_1x.png\",\"contentUrl\":\"https:\/\/www.paezicosta.com\/wp-content\/uploads\/2022\/02\/paez-logo_1x.png\",\"width\":512,\"height\":512,\"caption\":\"Paez i Costa\"},\"image\":{\"@id\":\"https:\/\/www.paezicosta.com\/ca\/#\/schema\/logo\/image\/\"}}]}<\/script>\n<!-- \/ Yoast SEO plugin. -->","yoast_head_json":{"title":"Som experts en construcci\u00f3 i reformes - Paez i Costa","description":"Coneix a Paez i Costa, liderant projectes de construcci\u00f3, rehabilitacions i reformes a Ripoll\u00e8s i Catalunya.","robots":{"index":"index","follow":"follow","max-snippet":"max-snippet:-1","max-image-preview":"max-image-preview:large","max-video-preview":"max-video-preview:-1"},"canonical":"https:\/\/www.paezicosta.com\/ca\/sobre-nosaltres\/","og_locale":"ca_ES","og_type":"article","og_title":"Som experts en construcci\u00f3 i reformes - Paez i Costa","og_description":"Coneix a Paez i Costa, liderant projectes de construcci\u00f3, rehabilitacions i reformes a Ripoll\u00e8s i Catalunya.","og_url":"https:\/\/www.paezicosta.com\/ca\/sobre-nosaltres\/","og_site_name":"Paez i Costa","article_modified_time":"2023-12-19T10:41:18+00:00","twitter_card":"summary_large_image","twitter_misc":{"Temps estimat de lectura":"1 minut"},"schema":{"@context":"https:\/\/schema.org","@graph":[{"@type":"WebPage","@id":"https:\/\/www.paezicosta.com\/ca\/sobre-nosaltres\/","url":"https:\/\/www.paezicosta.com\/ca\/sobre-nosaltres\/","name":"Som experts en construcci\u00f3 i reformes - Paez i Costa","isPartOf":{"@id":"https:\/\/www.paezicosta.com\/ca\/#website"},"datePublished":"2022-04-04T14:08:19+00:00","dateModified":"2023-12-19T10:41:18+00:00","description":"Coneix a Paez i Costa, liderant projectes de construcci\u00f3, rehabilitacions i reformes a Ripoll\u00e8s i Catalunya.","breadcrumb":{"@id":"https:\/\/www.paezicosta.com\/ca\/sobre-nosaltres\/#breadcrumb"},"inLanguage":"ca","potentialAction":[{"@type":"ReadAction","target":["https:\/\/www.paezicosta.com\/ca\/sobre-nosaltres\/"]}]},{"@type":"BreadcrumbList","@id":"https:\/\/www.paezicosta.com\/ca\/sobre-nosaltres\/#breadcrumb","itemListElement":[{"@type":"ListItem","position":1,"name":"Home","item":"https:\/\/www.paezicosta.com\/ca\/construccions-i-rehabilitacions-paez-i-costa-2\/"},{"@type":"ListItem","position":2,"name":"Sobre nosaltres"}]},{"@type":"WebSite","@id":"https:\/\/www.paezicosta.com\/ca\/#website","url":"https:\/\/www.paezicosta.com\/ca\/","name":"Paez i Costa","description":"Construcci\u00f3n y reformas","publisher":{"@id":"https:\/\/www.paezicosta.com\/ca\/#organization"},"potentialAction":[{"@type":"SearchAction","target":{"@type":"EntryPoint","urlTemplate":"https:\/\/www.paezicosta.com\/ca\/?s={search_term_string}"},"query-input":"required name=search_term_string"}],"inLanguage":"ca"},{"@type":"Organization","@id":"https:\/\/www.paezicosta.com\/ca\/#organization","name":"Paez i Costa","url":"https:\/\/www.paezicosta.com\/ca\/","logo":{"@type":"ImageObject","inLanguage":"ca","@id":"https:\/\/www.paezicosta.com\/ca\/#\/schema\/logo\/image\/","url":"https:\/\/www.paezicosta.com\/wp-content\/uploads\/2022\/02\/paez-logo_1x.png","contentUrl":"https:\/\/www.paezicosta.com\/wp-content\/uploads\/2022\/02\/paez-logo_1x.png","width":512,"height":512,"caption":"Paez i Costa"},"image":{"@id":"https:\/\/www.paezicosta.com\/ca\/#\/schema\/logo\/image\/"}}]}},"_links":{"self":[{"href":"https:\/\/www.paezicosta.com\/ca\/wp-json\/wp\/v2\/pages\/9214","targetHints":{"allow":["GET"]}}],"collection":[{"href":"https:\/\/www.paezicosta.com\/ca\/wp-json\/wp\/v2\/pages"}],"about":[{"href":"https:\/\/www.paezicosta.com\/ca\/wp-json\/wp\/v2\/types\/page"}],"author":[{"embeddable":true,"href":"https:\/\/www.paezicosta.com\/ca\/wp-json\/wp\/v2\/users\/1"}],"replies":[{"embeddable":true,"href":"https:\/\/www.paezicosta.com\/ca\/wp-json\/wp\/v2\/comments?post=9214"}],"version-history":[{"count":51,"href":"https:\/\/www.paezicosta.com\/ca\/wp-json\/wp\/v2\/pages\/9214\/revisions"}],"predecessor-version":[{"id":13006,"href":"https:\/\/www.paezicosta.com\/ca\/wp-json\/wp\/v2\/pages\/9214\/revisions\/13006"}],"wp:attachment":[{"href":"https:\/\/www.paezicosta.com\/ca\/wp-json\/wp\/v2\/media?parent=9214"}],"curies":[{"name":"wp","href":"https:\/\/api.w.org\/{rel}","templated":true}]}}