{"id":10270,"date":"2023-03-14T09:28:17","date_gmt":"2023-03-14T08:28:17","guid":{"rendered":"https:\/\/www.totaldecoralumini.com\/?page_id=10270"},"modified":"2023-12-15T14:56:37","modified_gmt":"2023-12-15T13:56:37","slug":"accessibilitat","status":"publish","type":"page","link":"https:\/\/www.paezicosta.com\/ca\/accessibilitat\/","title":{"rendered":"Declaraci\u00f3 d&#8217;accessibilitat"},"content":{"rendered":"\t\t<div data-elementor-type=\"wp-page\" data-elementor-id=\"10270\" class=\"elementor elementor-10270\">\n\t\t\t\t\t\t\t\t\t<section class=\"elementor-section elementor-top-section elementor-element elementor-element-789f47e elementor-section-boxed elementor-section-height-default elementor-section-height-default\" data-id=\"789f47e\" data-element_type=\"section\">\n\t\t\t\t\t\t<div class=\"elementor-container elementor-column-gap-default\">\n\t\t\t\t\t<div class=\"elementor-column elementor-col-100 elementor-top-column elementor-element elementor-element-a1a7e56\" data-id=\"a1a7e56\" data-element_type=\"column\">\n\t\t\t<div class=\"elementor-widget-wrap elementor-element-populated\">\n\t\t\t\t\t\t\t\t<div class=\"elementor-element elementor-element-386ae53 elementor-widget elementor-widget-hub_fancy_heading\" data-id=\"386ae53\" data-element_type=\"widget\" data-widget_type=\"hub_fancy_heading.default\">\n\t\t\t\t<div class=\"elementor-widget-container\">\n\t\t\t\n\t\t<div id=\"ld-fancy-heading-69f28a797f3a7\" class=\"ld-fancy-heading pos-rel\">\n\t\t\t<p class=\"ld-fh-element d-inline-block pos-rel  lqd-highlight-classic lqd-highlight-grow-left p\"  > Paez i Costa s\u2019ha comprom\u00e8s a fer accessible el seu lloc web, de conformitat amb la legislaci\u00f3 nacional per la qual se transposa la directiva (UE) 2016\/2102 del Parlament Europeu i del Consell.<\/p>\t\t<\/div>\n\n\t\t\t\t<\/div>\n\t\t\t\t<\/div>\n\t\t\t\t<div class=\"elementor-element elementor-element-47d8098 elementor-widget elementor-widget-hub_fancy_heading\" data-id=\"47d8098\" data-element_type=\"widget\" data-widget_type=\"hub_fancy_heading.default\">\n\t\t\t\t<div class=\"elementor-widget-container\">\n\t\t\t\n\t\t<div id=\"ld-fancy-heading-69f28a797fd30\" class=\"ld-fancy-heading pos-rel\">\n\t\t\t<p class=\"ld-fh-element d-inline-block pos-rel  lqd-highlight-classic lqd-highlight-grow-left p\"  > La present declaraci\u00f3 d\u2019accessibilitat s\u2019aplica a el lloc web .<\/p>\t\t<\/div>\n\n\t\t\t\t<\/div>\n\t\t\t\t<\/div>\n\t\t\t\t\t<\/div>\n\t\t<\/div>\n\t\t\t\t\t\t\t<\/div>\n\t\t<\/section>\n\t\t\t\t<section class=\"elementor-section elementor-top-section elementor-element elementor-element-874791c elementor-section-boxed elementor-section-height-default elementor-section-height-default\" data-id=\"874791c\" data-element_type=\"section\">\n\t\t\t\t\t\t<div class=\"elementor-container elementor-column-gap-default\">\n\t\t\t\t\t<div class=\"elementor-column elementor-col-100 elementor-top-column elementor-element elementor-element-8ea71b7\" data-id=\"8ea71b7\" data-element_type=\"column\">\n\t\t\t<div class=\"elementor-widget-wrap elementor-element-populated\">\n\t\t\t\t\t\t\t\t<div class=\"elementor-element elementor-element-e42a176 elementor-widget elementor-widget-hub_fancy_heading\" data-id=\"e42a176\" data-element_type=\"widget\" data-widget_type=\"hub_fancy_heading.default\">\n\t\t\t\t<div class=\"elementor-widget-container\">\n\t\t\t\n\t\t<div id=\"ld-fancy-heading-69f28a7980bc8\" class=\"ld-fancy-heading pos-rel\">\n\t\t\t<h2 class=\"ld-fh-element d-inline-block pos-rel  elementor-heading-title lqd-highlight-classic lqd-highlight-grow-left h2\"  > Situaci\u00f3 de compliment<\/h2>\t\t<\/div>\n\n\t\t\t\t<\/div>\n\t\t\t\t<\/div>\n\t\t\t\t<div class=\"elementor-element elementor-element-020d87f elementor-widget elementor-widget-hub_fancy_heading\" data-id=\"020d87f\" data-element_type=\"widget\" data-widget_type=\"hub_fancy_heading.default\">\n\t\t\t\t<div class=\"elementor-widget-container\">\n\t\t\t\n\t\t<div id=\"ld-fancy-heading-69f28a798116e\" class=\"ld-fancy-heading pos-rel\">\n\t\t\t<p class=\"ld-fh-element d-inline-block pos-rel  lqd-highlight-classic lqd-highlight-grow-left p\"  > Aquest lloc web \u00e9s plenament conforme amb les Pautes d'Accesibilitat per el Contingut Web (WCAG) aix\u00ed como la resta de requisits d'accesibilitat propis de la UNE-EN 301 549:2022. \n\n\n\n<\/p>\t\t<\/div>\n\n\t\t\t\t<\/div>\n\t\t\t\t<\/div>\n\t\t\t\t<div class=\"elementor-element elementor-element-0bfdc2b elementor-widget elementor-widget-hub_fancy_heading\" data-id=\"0bfdc2b\" data-element_type=\"widget\" data-widget_type=\"hub_fancy_heading.default\">\n\t\t\t\t<div class=\"elementor-widget-container\">\n\t\t\t\n\t\t<div id=\"ld-fancy-heading-69f28a798178a\" class=\"ld-fancy-heading pos-rel\">\n\t\t\t<p class=\"ld-fh-element d-inline-block pos-rel  lqd-highlight-classic lqd-highlight-grow-left p\"  > Per a m\u00e1s informaci\u00f3 al respecte pot consultar la Norma Europea EN 301 549 V3.2.1 (2021-03).\n\n\n\n<\/p>\t\t<\/div>\n\n\t\t\t\t<\/div>\n\t\t\t\t<\/div>\n\t\t\t\t\t<\/div>\n\t\t<\/div>\n\t\t\t\t\t\t\t<\/div>\n\t\t<\/section>\n\t\t\t\t<section class=\"elementor-section elementor-top-section elementor-element elementor-element-994a367 elementor-section-boxed elementor-section-height-default elementor-section-height-default\" data-id=\"994a367\" data-element_type=\"section\">\n\t\t\t\t\t\t<div class=\"elementor-container elementor-column-gap-default\">\n\t\t\t\t\t<div class=\"elementor-column elementor-col-100 elementor-top-column elementor-element elementor-element-b34ba24\" data-id=\"b34ba24\" data-element_type=\"column\">\n\t\t\t<div class=\"elementor-widget-wrap elementor-element-populated\">\n\t\t\t\t\t\t\t\t<div class=\"elementor-element elementor-element-59a4f94 elementor-widget elementor-widget-hub_fancy_heading\" data-id=\"59a4f94\" data-element_type=\"widget\" data-widget_type=\"hub_fancy_heading.default\">\n\t\t\t\t<div class=\"elementor-widget-container\">\n\t\t\t\n\t\t<div id=\"ld-fancy-heading-69f28a7982542\" class=\"ld-fancy-heading pos-rel\">\n\t\t\t<h2 class=\"ld-fh-element d-inline-block pos-rel  elementor-heading-title lqd-highlight-classic lqd-highlight-grow-left h2\"  > Contingut no accessible<\/h2>\t\t<\/div>\n\n\t\t\t\t<\/div>\n\t\t\t\t<\/div>\n\t\t\t\t<div class=\"elementor-element elementor-element-cd73adf elementor-widget elementor-widget-hub_fancy_heading\" data-id=\"cd73adf\" data-element_type=\"widget\" data-widget_type=\"hub_fancy_heading.default\">\n\t\t\t\t<div class=\"elementor-widget-container\">\n\t\t\t\n\t\t<div id=\"ld-fancy-heading-69f28a7982b3e\" class=\"ld-fancy-heading pos-rel\">\n\t\t\t<p class=\"ld-fh-element d-inline-block pos-rel  lqd-highlight-classic lqd-highlight-grow-left p\"  > El contingut que es recull a continuaci\u00f3 no \u00e9s accessible pels seg\u00fcents motius:\n<\/p>\t\t<\/div>\n\n\t\t\t\t<\/div>\n\t\t\t\t<\/div>\n\t\t\t\t<div class=\"elementor-element elementor-element-a06bd1d elementor-widget elementor-widget-hub_fancy_heading\" data-id=\"a06bd1d\" data-element_type=\"widget\" data-widget_type=\"hub_fancy_heading.default\">\n\t\t\t\t<div class=\"elementor-widget-container\">\n\t\t\t\n\t\t<div id=\"ld-fancy-heading-69f28a798313b\" class=\"ld-fancy-heading pos-rel\">\n\t\t\t<p class=\"ld-fh-element d-inline-block pos-rel  lqd-highlight-classic lqd-highlight-grow-left p\"  > S'ha realitzat una validaci\u00f3 exhaustiva del lloc web on no s'ha trobat contingut no accessible.\n<\/p>\t\t<\/div>\n\n\t\t\t\t<\/div>\n\t\t\t\t<\/div>\n\t\t\t\t\t<\/div>\n\t\t<\/div>\n\t\t\t\t\t\t\t<\/div>\n\t\t<\/section>\n\t\t\t\t<section class=\"elementor-section elementor-top-section elementor-element elementor-element-13f8641 elementor-section-boxed elementor-section-height-default elementor-section-height-default\" data-id=\"13f8641\" data-element_type=\"section\">\n\t\t\t\t\t\t<div class=\"elementor-container elementor-column-gap-default\">\n\t\t\t\t\t<div class=\"elementor-column elementor-col-100 elementor-top-column elementor-element elementor-element-67aa7e4\" data-id=\"67aa7e4\" data-element_type=\"column\">\n\t\t\t<div class=\"elementor-widget-wrap elementor-element-populated\">\n\t\t\t\t\t\t\t\t<div class=\"elementor-element elementor-element-81ab370 elementor-widget elementor-widget-hub_fancy_heading\" data-id=\"81ab370\" data-element_type=\"widget\" data-widget_type=\"hub_fancy_heading.default\">\n\t\t\t\t<div class=\"elementor-widget-container\">\n\t\t\t\n\t\t<div id=\"ld-fancy-heading-69f28a7983fb5\" class=\"ld-fancy-heading pos-rel\">\n\t\t\t<h2 class=\"ld-fh-element d-inline-block pos-rel  elementor-heading-title lqd-highlight-classic lqd-highlight-grow-left h2\"  > Preparaci\u00f3 de la present declaraci\u00f3 d\u2019accessibilitat\n\n<\/h2>\t\t<\/div>\n\n\t\t\t\t<\/div>\n\t\t\t\t<\/div>\n\t\t\t\t<div class=\"elementor-element elementor-element-01fae4b elementor-widget elementor-widget-hub_fancy_heading\" data-id=\"01fae4b\" data-element_type=\"widget\" data-widget_type=\"hub_fancy_heading.default\">\n\t\t\t\t<div class=\"elementor-widget-container\">\n\t\t\t\n\t\t<div id=\"ld-fancy-heading-69f28a79845a1\" class=\"ld-fancy-heading pos-rel\">\n\t\t\t<p class=\"ld-fh-element d-inline-block pos-rel  lqd-highlight-classic lqd-highlight-grow-left p\"  > La present declaraci\u00f3 va ser preparada el 05\/12\/2023\n\n<\/p>\t\t<\/div>\n\n\t\t\t\t<\/div>\n\t\t\t\t<\/div>\n\t\t\t\t<div class=\"elementor-element elementor-element-06ecc3a elementor-widget elementor-widget-hub_fancy_heading\" data-id=\"06ecc3a\" data-element_type=\"widget\" data-widget_type=\"hub_fancy_heading.default\">\n\t\t\t\t<div class=\"elementor-widget-container\">\n\t\t\t\n\t\t<div id=\"ld-fancy-heading-69f28a7984b18\" class=\"ld-fancy-heading pos-rel\">\n\t\t\t<p class=\"ld-fh-element d-inline-block pos-rel  lqd-highlight-classic lqd-highlight-grow-left p\"  > La validaci\u00f3 s'ha realitzat de forma interna, amb sistemes manuals, seguint la gu\u00eda i requisits d'accessibilitat proporcionats per el Govern correspondent al Kit Digital.<\/p>\t\t<\/div>\n\n\t\t\t\t<\/div>\n\t\t\t\t<\/div>\n\t\t\t\t<div class=\"elementor-element elementor-element-bc3592f elementor-widget elementor-widget-hub_fancy_heading\" data-id=\"bc3592f\" data-element_type=\"widget\" data-widget_type=\"hub_fancy_heading.default\">\n\t\t\t\t<div class=\"elementor-widget-container\">\n\t\t\t\n\t\t<div id=\"ld-fancy-heading-69f28a7985115\" class=\"ld-fancy-heading pos-rel\">\n\t\t\t<p class=\"ld-fh-element d-inline-block pos-rel  lqd-highlight-classic lqd-highlight-grow-left p\"  > Darrera revisi\u00f3 de la declaraci\u00f3: 05\/12\/2023\n<\/p>\t\t<\/div>\n\n\t\t\t\t<\/div>\n\t\t\t\t<\/div>\n\t\t\t\t\t<\/div>\n\t\t<\/div>\n\t\t\t\t\t\t\t<\/div>\n\t\t<\/section>\n\t\t\t\t<section class=\"elementor-section elementor-top-section elementor-element elementor-element-512aedb elementor-section-boxed elementor-section-height-default elementor-section-height-default\" data-id=\"512aedb\" data-element_type=\"section\">\n\t\t\t\t\t\t<div class=\"elementor-container elementor-column-gap-default\">\n\t\t\t\t\t<div class=\"elementor-column elementor-col-100 elementor-top-column elementor-element elementor-element-ad59fe6\" data-id=\"ad59fe6\" data-element_type=\"column\">\n\t\t\t<div class=\"elementor-widget-wrap elementor-element-populated\">\n\t\t\t\t\t\t\t\t<div class=\"elementor-element elementor-element-02dbe2f elementor-widget elementor-widget-hub_fancy_heading\" data-id=\"02dbe2f\" data-element_type=\"widget\" data-widget_type=\"hub_fancy_heading.default\">\n\t\t\t\t<div class=\"elementor-widget-container\">\n\t\t\t\n\t\t<div id=\"ld-fancy-heading-69f28a7985f7a\" class=\"ld-fancy-heading pos-rel\">\n\t\t\t<h2 class=\"ld-fh-element d-inline-block pos-rel  elementor-heading-title lqd-highlight-classic lqd-highlight-grow-left h2\"  > Observacions i dades de contacte\n\n\n<\/h2>\t\t<\/div>\n\n\t\t\t\t<\/div>\n\t\t\t\t<\/div>\n\t\t\t\t<div class=\"elementor-element elementor-element-2ac5bd9 elementor-widget elementor-widget-hub_fancy_heading\" data-id=\"2ac5bd9\" data-element_type=\"widget\" data-widget_type=\"hub_fancy_heading.default\">\n\t\t\t\t<div class=\"elementor-widget-container\">\n\t\t\t\n\t\t<div id=\"ld-fancy-heading-69f28a7986506\" class=\"ld-fancy-heading pos-rel\">\n\t\t\t<p class=\"ld-fh-element d-inline-block pos-rel  lqd-highlight-classic lqd-highlight-grow-left p\"  > Per a posar-se en contacte amb Paez i Costa, utilitzi el correu proporcionat:\n<\/p>\t\t<\/div>\n\n\t\t\t\t<\/div>\n\t\t\t\t<\/div>\n\t\t\t\t<div class=\"elementor-element elementor-element-32e5cd6 elementor-widget elementor-widget-hub_fancy_heading\" data-id=\"32e5cd6\" data-element_type=\"widget\" data-widget_type=\"hub_fancy_heading.default\">\n\t\t\t\t<div class=\"elementor-widget-container\">\n\t\t\t\n\t\t<div id=\"ld-fancy-heading-69f28a7986a6f\" class=\"ld-fancy-heading pos-rel\">\n\t\t\t<p class=\"ld-fh-element d-inline-block pos-rel  lqd-highlight-classic lqd-highlight-grow-left p\" ><a href=\"mailto:info@otaldecoralumini.com\" > info@paezicosta.com<\/a><\/p>\t\t<\/div>\n\n\t\t\t\t<\/div>\n\t\t\t\t<\/div>\n\t\t\t\t\t<\/div>\n\t\t<\/div>\n\t\t\t\t\t\t\t<\/div>\n\t\t<\/section>\n\t\t\t\t<section class=\"elementor-section elementor-top-section elementor-element elementor-element-4f06055 elementor-section-boxed elementor-section-height-default elementor-section-height-default\" data-id=\"4f06055\" data-element_type=\"section\">\n\t\t\t\t\t\t<div class=\"elementor-container elementor-column-gap-default\">\n\t\t\t\t\t<div class=\"elementor-column elementor-col-100 elementor-top-column elementor-element elementor-element-4e6999c\" data-id=\"4e6999c\" data-element_type=\"column\">\n\t\t\t<div class=\"elementor-widget-wrap elementor-element-populated\">\n\t\t\t\t\t\t\t\t<div class=\"elementor-element elementor-element-f487322 elementor-widget elementor-widget-hub_fancy_heading\" data-id=\"f487322\" data-element_type=\"widget\" data-widget_type=\"hub_fancy_heading.default\">\n\t\t\t\t<div class=\"elementor-widget-container\">\n\t\t\t\n\t\t<div id=\"ld-fancy-heading-69f28a7987884\" class=\"ld-fancy-heading pos-rel\">\n\t\t\t<h2 class=\"ld-fh-element d-inline-block pos-rel  elementor-heading-title lqd-highlight-classic lqd-highlight-grow-left h2\"  > Procediment d\u2019aplicaci\u00f3\n\n\n\n<\/h2>\t\t<\/div>\n\n\t\t\t\t<\/div>\n\t\t\t\t<\/div>\n\t\t\t\t<div class=\"elementor-element elementor-element-99b5472 elementor-widget elementor-widget-hub_fancy_heading\" data-id=\"99b5472\" data-element_type=\"widget\" data-widget_type=\"hub_fancy_heading.default\">\n\t\t\t\t<div class=\"elementor-widget-container\">\n\t\t\t\n\t\t<div id=\"ld-fancy-heading-69f28a7987dea\" class=\"ld-fancy-heading pos-rel\">\n\t\t\t<p class=\"ld-fh-element d-inline-block pos-rel  lqd-highlight-classic lqd-highlight-grow-left p\"  > En cas de que l'accessibilitat de l'aplicaci\u00f3 sigui insatisfactoria, siusplau, fiqui's en contacte amb nosaltres enviant un correu electr\u00f2nic a info@paezicosta.com. Ens posarem en contacte amb la major brevetat possible.<\/p>\t\t<\/div>\n\n\t\t\t\t<\/div>\n\t\t\t\t<\/div>\n\t\t\t\t<div class=\"elementor-element elementor-element-2bd0d8b elementor-widget elementor-widget-hub_fancy_heading\" data-id=\"2bd0d8b\" data-element_type=\"widget\" data-widget_type=\"hub_fancy_heading.default\">\n\t\t\t\t<div class=\"elementor-widget-container\">\n\t\t\t\n\t\t<div id=\"ld-fancy-heading-69f28a79883c4\" class=\"ld-fancy-heading pos-rel\">\n\t\t\t<p class=\"ld-fh-element d-inline-block pos-rel  lqd-highlight-classic lqd-highlight-grow-left p\" ><a href=\"mailto:info@otaldecoralumini.com\" > info@paezicosta.com<\/a><\/p>\t\t<\/div>\n\n\t\t\t\t<\/div>\n\t\t\t\t<\/div>\n\t\t\t\t\t<\/div>\n\t\t<\/div>\n\t\t\t\t\t\t\t<\/div>\n\t\t<\/section>\n\t\t\t\t\t\t\t<\/div>\n\t\t","protected":false},"excerpt":{"rendered":"<p>Paez i Costa s\u2019ha comprom\u00e8s a fer accessible el seu lloc web, de conformitat amb la legislaci\u00f3 nacional per la qual se transposa la directiva (UE) 2016\/2102 del Parlament Europeu i del Consell. La present declaraci\u00f3 d\u2019accessibilitat s\u2019aplica a el lloc web . Situaci\u00f3 de compliment Aquest lloc web \u00e9s plenament conforme amb les Pautes [&hellip;]<\/p>\n","protected":false},"author":1,"featured_media":0,"parent":0,"menu_order":0,"comment_status":"closed","ping_status":"closed","template":"","meta":{"footnotes":""},"class_list":["post-10270","page","type-page","status-publish","hentry"],"yoast_head":"<!-- This site is optimized with the Yoast SEO plugin v20.2 - https:\/\/yoast.com\/wordpress\/plugins\/seo\/ -->\n<title>Declaraci\u00f3 d&#039;accessibilitat - Paez i Costa<\/title>\n<meta name=\"robots\" content=\"index, follow, max-snippet:-1, max-image-preview:large, max-video-preview:-1\" \/>\n<link rel=\"canonical\" href=\"https:\/\/www.paezicosta.com\/ca\/accessibilitat\/\" \/>\n<meta property=\"og:locale\" content=\"ca_ES\" \/>\n<meta property=\"og:type\" content=\"article\" \/>\n<meta property=\"og:title\" content=\"Declaraci\u00f3 d&#039;accessibilitat - Paez i Costa\" \/>\n<meta property=\"og:description\" content=\"Paez i Costa s\u2019ha comprom\u00e8s a fer accessible el seu lloc web, de conformitat amb la legislaci\u00f3 nacional per la qual se transposa la directiva (UE) 2016\/2102 del Parlament Europeu i del Consell. La present declaraci\u00f3 d\u2019accessibilitat s\u2019aplica a el lloc web . Situaci\u00f3 de compliment Aquest lloc web \u00e9s plenament conforme amb les Pautes [&hellip;]\" \/>\n<meta property=\"og:url\" content=\"https:\/\/www.paezicosta.com\/ca\/accessibilitat\/\" \/>\n<meta property=\"og:site_name\" content=\"Paez i Costa\" \/>\n<meta property=\"article:modified_time\" content=\"2023-12-15T13:56:37+00:00\" \/>\n<meta name=\"twitter:card\" content=\"summary_large_image\" \/>\n<meta name=\"twitter:label1\" content=\"Temps estimat de lectura\" \/>\n\t<meta name=\"twitter:data1\" content=\"2 minuts\" \/>\n<script type=\"application\/ld+json\" class=\"yoast-schema-graph\">{\"@context\":\"https:\/\/schema.org\",\"@graph\":[{\"@type\":\"WebPage\",\"@id\":\"https:\/\/www.paezicosta.com\/ca\/accessibilitat\/\",\"url\":\"https:\/\/www.paezicosta.com\/ca\/accessibilitat\/\",\"name\":\"Declaraci\u00f3 d'accessibilitat - Paez i Costa\",\"isPartOf\":{\"@id\":\"https:\/\/www.paezicosta.com\/ca\/#website\"},\"datePublished\":\"2023-03-14T08:28:17+00:00\",\"dateModified\":\"2023-12-15T13:56:37+00:00\",\"breadcrumb\":{\"@id\":\"https:\/\/www.paezicosta.com\/ca\/accessibilitat\/#breadcrumb\"},\"inLanguage\":\"ca\",\"potentialAction\":[{\"@type\":\"ReadAction\",\"target\":[\"https:\/\/www.paezicosta.com\/ca\/accessibilitat\/\"]}]},{\"@type\":\"BreadcrumbList\",\"@id\":\"https:\/\/www.paezicosta.com\/ca\/accessibilitat\/#breadcrumb\",\"itemListElement\":[{\"@type\":\"ListItem\",\"position\":1,\"name\":\"Home\",\"item\":\"https:\/\/www.paezicosta.com\/ca\/construccions-i-rehabilitacions-paez-i-costa-2\/\"},{\"@type\":\"ListItem\",\"position\":2,\"name\":\"Declaraci\u00f3 d&#8217;accessibilitat\"}]},{\"@type\":\"WebSite\",\"@id\":\"https:\/\/www.paezicosta.com\/ca\/#website\",\"url\":\"https:\/\/www.paezicosta.com\/ca\/\",\"name\":\"Paez i Costa\",\"description\":\"Construcci\u00f3n y reformas\",\"publisher\":{\"@id\":\"https:\/\/www.paezicosta.com\/ca\/#organization\"},\"potentialAction\":[{\"@type\":\"SearchAction\",\"target\":{\"@type\":\"EntryPoint\",\"urlTemplate\":\"https:\/\/www.paezicosta.com\/ca\/?s={search_term_string}\"},\"query-input\":\"required name=search_term_string\"}],\"inLanguage\":\"ca\"},{\"@type\":\"Organization\",\"@id\":\"https:\/\/www.paezicosta.com\/ca\/#organization\",\"name\":\"Paez i Costa\",\"url\":\"https:\/\/www.paezicosta.com\/ca\/\",\"logo\":{\"@type\":\"ImageObject\",\"inLanguage\":\"ca\",\"@id\":\"https:\/\/www.paezicosta.com\/ca\/#\/schema\/logo\/image\/\",\"url\":\"https:\/\/www.paezicosta.com\/wp-content\/uploads\/2022\/02\/paez-logo_1x.png\",\"contentUrl\":\"https:\/\/www.paezicosta.com\/wp-content\/uploads\/2022\/02\/paez-logo_1x.png\",\"width\":512,\"height\":512,\"caption\":\"Paez i Costa\"},\"image\":{\"@id\":\"https:\/\/www.paezicosta.com\/ca\/#\/schema\/logo\/image\/\"}}]}<\/script>\n<!-- \/ Yoast SEO plugin. -->","yoast_head_json":{"title":"Declaraci\u00f3 d'accessibilitat - Paez i Costa","robots":{"index":"index","follow":"follow","max-snippet":"max-snippet:-1","max-image-preview":"max-image-preview:large","max-video-preview":"max-video-preview:-1"},"canonical":"https:\/\/www.paezicosta.com\/ca\/accessibilitat\/","og_locale":"ca_ES","og_type":"article","og_title":"Declaraci\u00f3 d'accessibilitat - Paez i Costa","og_description":"Paez i Costa s\u2019ha comprom\u00e8s a fer accessible el seu lloc web, de conformitat amb la legislaci\u00f3 nacional per la qual se transposa la directiva (UE) 2016\/2102 del Parlament Europeu i del Consell. La present declaraci\u00f3 d\u2019accessibilitat s\u2019aplica a el lloc web . Situaci\u00f3 de compliment Aquest lloc web \u00e9s plenament conforme amb les Pautes [&hellip;]","og_url":"https:\/\/www.paezicosta.com\/ca\/accessibilitat\/","og_site_name":"Paez i Costa","article_modified_time":"2023-12-15T13:56:37+00:00","twitter_card":"summary_large_image","twitter_misc":{"Temps estimat de lectura":"2 minuts"},"schema":{"@context":"https:\/\/schema.org","@graph":[{"@type":"WebPage","@id":"https:\/\/www.paezicosta.com\/ca\/accessibilitat\/","url":"https:\/\/www.paezicosta.com\/ca\/accessibilitat\/","name":"Declaraci\u00f3 d'accessibilitat - Paez i Costa","isPartOf":{"@id":"https:\/\/www.paezicosta.com\/ca\/#website"},"datePublished":"2023-03-14T08:28:17+00:00","dateModified":"2023-12-15T13:56:37+00:00","breadcrumb":{"@id":"https:\/\/www.paezicosta.com\/ca\/accessibilitat\/#breadcrumb"},"inLanguage":"ca","potentialAction":[{"@type":"ReadAction","target":["https:\/\/www.paezicosta.com\/ca\/accessibilitat\/"]}]},{"@type":"BreadcrumbList","@id":"https:\/\/www.paezicosta.com\/ca\/accessibilitat\/#breadcrumb","itemListElement":[{"@type":"ListItem","position":1,"name":"Home","item":"https:\/\/www.paezicosta.com\/ca\/construccions-i-rehabilitacions-paez-i-costa-2\/"},{"@type":"ListItem","position":2,"name":"Declaraci\u00f3 d&#8217;accessibilitat"}]},{"@type":"WebSite","@id":"https:\/\/www.paezicosta.com\/ca\/#website","url":"https:\/\/www.paezicosta.com\/ca\/","name":"Paez i Costa","description":"Construcci\u00f3n y reformas","publisher":{"@id":"https:\/\/www.paezicosta.com\/ca\/#organization"},"potentialAction":[{"@type":"SearchAction","target":{"@type":"EntryPoint","urlTemplate":"https:\/\/www.paezicosta.com\/ca\/?s={search_term_string}"},"query-input":"required name=search_term_string"}],"inLanguage":"ca"},{"@type":"Organization","@id":"https:\/\/www.paezicosta.com\/ca\/#organization","name":"Paez i Costa","url":"https:\/\/www.paezicosta.com\/ca\/","logo":{"@type":"ImageObject","inLanguage":"ca","@id":"https:\/\/www.paezicosta.com\/ca\/#\/schema\/logo\/image\/","url":"https:\/\/www.paezicosta.com\/wp-content\/uploads\/2022\/02\/paez-logo_1x.png","contentUrl":"https:\/\/www.paezicosta.com\/wp-content\/uploads\/2022\/02\/paez-logo_1x.png","width":512,"height":512,"caption":"Paez i Costa"},"image":{"@id":"https:\/\/www.paezicosta.com\/ca\/#\/schema\/logo\/image\/"}}]}},"_links":{"self":[{"href":"https:\/\/www.paezicosta.com\/ca\/wp-json\/wp\/v2\/pages\/10270","targetHints":{"allow":["GET"]}}],"collection":[{"href":"https:\/\/www.paezicosta.com\/ca\/wp-json\/wp\/v2\/pages"}],"about":[{"href":"https:\/\/www.paezicosta.com\/ca\/wp-json\/wp\/v2\/types\/page"}],"author":[{"embeddable":true,"href":"https:\/\/www.paezicosta.com\/ca\/wp-json\/wp\/v2\/users\/1"}],"replies":[{"embeddable":true,"href":"https:\/\/www.paezicosta.com\/ca\/wp-json\/wp\/v2\/comments?post=10270"}],"version-history":[{"count":19,"href":"https:\/\/www.paezicosta.com\/ca\/wp-json\/wp\/v2\/pages\/10270\/revisions"}],"predecessor-version":[{"id":12515,"href":"https:\/\/www.paezicosta.com\/ca\/wp-json\/wp\/v2\/pages\/10270\/revisions\/12515"}],"wp:attachment":[{"href":"https:\/\/www.paezicosta.com\/ca\/wp-json\/wp\/v2\/media?parent=10270"}],"curies":[{"name":"wp","href":"https:\/\/api.w.org\/{rel}","templated":true}]}}